{"id":4665,"date":"2025-08-05T08:39:58","date_gmt":"2025-08-05T08:39:58","guid":{"rendered":"https:\/\/kiosk-abep.com\/?post_type=product&#038;p=4665"},"modified":"2025-09-25T10:53:38","modified_gmt":"2025-09-25T10:53:38","slug":"red-bus-classic-24h","status":"publish","type":"product","link":"https:\/\/kiosk-abep.com\/pt\/produto\/red-bus-classic-24h\/","title":{"rendered":"Red Bus CLASSIC (24h)"},"content":{"rendered":"<div data-elementor-type=\"wp-post\" data-elementor-id=\"4665\" class=\"elementor elementor-4665\">\n\t\t\t\t\t\t<section class=\"elementor-section elementor-top-section elementor-element elementor-element-2aa125b elementor-section-stretched elementor-section-boxed elementor-section-height-default elementor-section-height-default\" data-id=\"2aa125b\" data-element_type=\"section\" data-settings=\"{&quot;stretch_section&quot;:&quot;section-stretched&quot;}\">\n\t\t\t\t\t\t<div class=\"elementor-container elementor-column-gap-no\">\n\t\t\t\t\t<div class=\"elementor-column elementor-col-100 elementor-top-column elementor-element elementor-element-f92e2c3\" data-id=\"f92e2c3\" data-element_type=\"column\">\n\t\t\t<div class=\"elementor-widget-wrap elementor-element-populated\">\n\t\t\t\t\t\t<section class=\"elementor-section elementor-inner-section elementor-element elementor-element-a01628e elementor-section-boxed elementor-section-height-default elementor-section-height-default\" data-id=\"a01628e\" data-element_type=\"section\">\n\t\t\t\t\t\t<div class=\"elementor-container elementor-column-gap-no\">\n\t\t\t\t\t<div class=\"elementor-column elementor-col-100 elementor-inner-column elementor-element elementor-element-7c79964\" data-id=\"7c79964\" data-element_type=\"column\">\n\t\t\t<div class=\"elementor-widget-wrap elementor-element-populated\">\n\t\t\t\t\t\t<div class=\"elementor-element elementor-element-728d380 elementor-widget elementor-widget-text-editor\" data-id=\"728d380\" data-element_type=\"widget\" data-widget_type=\"text-editor.default\">\n\t\t\t\t<div class=\"elementor-widget-container\">\n\t\t\t\t\t\t\t\t\t<div class=\"block activity-upsell prose\"><h3 class=\"quick-details-header -use-headline-font\">Quick Details<\/h3><div class=\"block activity-metadata prose\"><ul class=\"quick-details\"><li class=\"details taxonomy-details\"><div class=\"quick-details-content\"><span class=\"label taxonomy-label\">Duration:<\/span>\u00a024h<\/div><\/li><li class=\"details taxonomy-details\"><div class=\"quick-details-content\">Vouche exchange on board<\/div><\/li><\/ul><\/div><\/div><div class=\"extra-content prose\"><p style=\"box-sizing: inherit; backface-visibility: hidden; margin-top: 1rem; margin-bottom: 0px; color: #08090e; font-family: Raleway, 'Source Sans Pro', sans-serif; font-size: 16px; font-style: normal; font-weight: 400;\"><span style=\"box-sizing: inherit; backface-visibility: hidden; margin: 0px; padding: 0px; border: 0px; font-weight: bold;\">Highligths:<\/span><\/p><p style=\"box-sizing: inherit; backface-visibility: hidden; margin-top: 1rem; margin-bottom: 0px; color: #08090e; font-family: Raleway, 'Source Sans Pro', sans-serif; font-size: 16px; font-style: normal; font-weight: 400;\">Torre de Bel\u00e9m (Linha Vermelha \u2013 Paragem 13)<br style=\"box-sizing: inherit; backface-visibility: hidden;\" \/>Museu Gulbenkian (Linha Azul \u2013 Paragem 16)<br style=\"box-sizing: inherit; backface-visibility: hidden;\" \/>Castelo de S\u00e3o Jorge (Linha Verde \u2013 Paragem 4)<br style=\"box-sizing: inherit; backface-visibility: hidden;\" \/>Miradouro da Gra\u00e7a (Linha Verde \u2013 Paragem 5)<br style=\"box-sizing: inherit; backface-visibility: hidden;\" \/>Boca do Inferno (Linha de Cascais \u2013 Paragem 9)<br style=\"box-sizing: inherit; backface-visibility: hidden;\" \/>Museu de Lisboa (Linha Lil\u00e1s \u2013 Paragem 7)<\/p><h2 style=\"box-sizing: inherit; backface-visibility: hidden; margin-top: 1.5rem; margin-bottom: 0px; font-size: 2.5rem; font-family: Raleway, 'Open Sans', sans-serif; font-style: normal; line-height: 1.2; color: #08090e;\">INFORMATION<\/h2><\/div><p>\u00a0<\/p><p><strong><span style=\"font-size: 20px;\">Audio guide<\/span><\/strong><\/p><div class=\"extra-content prose\"><p style=\"box-sizing: inherit; backface-visibility: hidden; margin-top: 1rem; margin-bottom: 0px; color: #08090e; font-family: Raleway, 'Source Sans Pro', sans-serif; font-size: 16px; font-style: normal; font-weight: 400;\">Portugu\u00eas, Portugu\u00eas (Brasil), Espanhol, Ingl\u00eas, Franc\u00eas, Italiano, Alem\u00e3o, Chin\u00eas, Holand\u00eas, \u00c1rabe, Polaco, Grego, Japon\u00eas, Russo e Coreano (verificar a bandeira deste idioma no autocarro).<br style=\"box-sizing: inherit; backface-visibility: hidden;\" \/>Tem ainda um \u00e1udio especial para crian\u00e7as em portugu\u00eas e ingl\u00eas (apenas na Linha de Bel\u00e9m).<\/p><p style=\"box-sizing: inherit; backface-visibility: hidden; margin-top: 1rem; margin-bottom: 0px; color: #08090e; font-family: Raleway, 'Source Sans Pro', sans-serif; font-size: 16px; font-style: normal; font-weight: 400;\"><strong>Duration and Departure Point:<\/strong><\/p><p>Bel\u00e9m Line (Red)<br \/>\u2022 Departure point: Pra\u00e7a Marqu\u00eas de Pombal<br \/>\u2022 Duration: 2 hours<\/p><p>Uptown Line (Lilac)<br \/>\u2022 Departure point: Pra\u00e7a Marqu\u00eas de Pombal<br \/>\u2022 Duration: 2 hours<\/p><p>Oriente Line (Blue)<br \/>\u2022 Departure point: Pra\u00e7a Marqu\u00eas de Pombal<br \/>\u2022 Duration: 2 hours<\/p><p>Castelo Line (Green)<br \/>\u2022 Departure point: Pra\u00e7a Marqu\u00eas de Pombal<br \/>\u2022 Duration: 1 hour 30 minutes<\/p><p>Cascais Line<br \/>(Orange Line)<br \/>\u2022 Departure point: Pra\u00e7a Marqu\u00eas de Pombal<br \/>\u2022 Duration: 2 hours<br \/>(Yellow Line)<br \/>\u2022 Departure point: Casa das Hist\u00f3rias Paula Rego<br \/>\u2022 Duration: 1 hour 15 minutes<\/p><p>Night Tour<br \/>\u2022 Departure point: Restauradores (Stop 2 \u2013 Red Line)<br \/>\u2022 Duration: 1 hour<br \/>Night Tour, no stops<\/p><p><span style=\"font-size: 21px;\"><strong>Timetables:<\/strong><\/span><\/p><p>Find out more about timetables on the Cityrama Gray Line APP or check here: https:\/\/cityrama.pt\/timetables-itineraries-lisbon\/<\/p><p><strong>What&#8217;s included:<\/strong><\/p><p>This pack includes two self-guided walking tours that will take you to the most special corners of the city&#8217;s iconic areas. Would you like to explore Alfama and experience its streets and alleys? Or lose yourself among the elegant shops of Chiado and the squares of Baixa? No need for a guide, no need to rush \u2013 just grab your mobile phone and let yourself be carried away. These digital guided walking tours are available in Spanish, English, French, Italian and German.<\/p><p><strong>Come and discover Lisbon with us.<\/strong><\/p><\/div>\t\t\t\t\t\t\t\t<\/div>\n\t\t\t\t<\/div>\n\t\t\t\t\t<\/div>\n\t\t<\/div>\n\t\t\t\t\t<\/div>\n\t\t<\/section>\n\t\t\t\t\t<\/div>\n\t\t<\/div>\n\t\t\t\t\t<\/div>\n\t\t<\/section>\n\t\t\t\t<\/div>","protected":false},"excerpt":{"rendered":"<p>Discover Lisbon at your own pace with the Basic Pack! For 24 hours, travel aboard our panoramic buses and explore three of the city&#8217;s most iconic routes: the Red Line in Bel\u00e9m, the Blue Line in Oriente, and the Lilac Line Uptown.<\/p>\n<p>&nbsp;<\/p>\n<div class=\"block activity-upsell prose\">\n<h4 class=\"quick-details-header -use-headline-font\">Details<\/h4>\n<div class=\"block activity-metadata prose\">\n<div>&#8211; Duration: 24 hours<br \/>\n&#8211; Bel\u00e9m line: red line<br \/>\n&#8211; Oriente line: blue line<br \/>\n&#8211; Uptown line: lilac line<br \/>\n&#8211; Castelo line: green line<br \/>\n&#8211; Cascais line: orange line<br \/>\n&#8211; Night tour: Lisbon by night<\/div>\n<\/div>\n<\/div>\n<div class=\"extra-content prose\">\n<h3><\/h3>\n<\/div>","protected":false},"featured_media":4630,"template":"","meta":{"site-sidebar-layout":"default","site-content-layout":"default","ast-site-content-layout":"default","site-content-style":"default","site-sidebar-style":"default","ast-global-header-display":"","ast-banner-title-visibility":"","ast-main-header-display":"","ast-hfb-above-header-display":"","ast-hfb-below-header-display":"","ast-hfb-mobile-header-display":"","site-post-title":"","ast-breadcrumbs-content":"","ast-featured-img":"","footer-sml-layout":"","theme-transparent-header-meta":"default","adv-header-id-meta":"","stick-header-meta":"","header-above-stick-meta":"","header-main-stick-meta":"","header-below-stick-meta":"","astra-migrate-meta-layouts":"set","ast-page-background-enabled":"default","ast-page-background-meta":{"desktop":{"background-color":"","background-image":"","background-repeat":"repeat","background-position":"center center","background-size":"auto","background-attachment":"scroll","background-type":"","background-media":"","overlay-type":"","overlay-color":"","overlay-opacity":"","overlay-gradient":""},"tablet":{"background-color":"","background-image":"","background-repeat":"repeat","background-position":"center center","background-size":"auto","background-attachment":"scroll","background-type":"","background-media":"","overlay-type":"","overlay-color":"","overlay-opacity":"","overlay-gradient":""},"mobile":{"background-color":"","background-image":"","background-repeat":"repeat","background-position":"center center","background-size":"auto","background-attachment":"scroll","background-type":"","background-media":"","overlay-type":"","overlay-color":"","overlay-opacity":"","overlay-gradient":""}},"ast-content-background-meta":{"desktop":{"background-color":"var(--ast-global-color-5)","background-image":"","background-repeat":"repeat","background-position":"center center","background-size":"auto","background-attachment":"scroll","background-type":"","background-media":"","overlay-type":"","overlay-color":"","overlay-opacity":"","overlay-gradient":""},"tablet":{"background-color":"var(--ast-global-color-5)","background-image":"","background-repeat":"repeat","background-position":"center center","background-size":"auto","background-attachment":"scroll","background-type":"","background-media":"","overlay-type":"","overlay-color":"","overlay-opacity":"","overlay-gradient":""},"mobile":{"background-color":"var(--ast-global-color-5)","background-image":"","background-repeat":"repeat","background-position":"center center","background-size":"auto","background-attachment":"scroll","background-type":"","background-media":"","overlay-type":"","overlay-color":"","overlay-opacity":"","overlay-gradient":""}}},"product_brand":[],"product_cat":[58],"product_tag":[],"class_list":{"0":"post-4665","1":"product","2":"type-product","3":"status-publish","4":"has-post-thumbnail","6":"product_cat-red-bus","7":"desktop-align-left","8":"tablet-align-left","9":"mobile-align-left","10":"wcpa_has_options","12":"first","13":"instock","14":"virtual","15":"purchasable","16":"product-type-simple"},"_links":{"self":[{"href":"https:\/\/kiosk-abep.com\/pt\/wp-json\/wp\/v2\/product\/4665","targetHints":{"allow":["GET"]}}],"collection":[{"href":"https:\/\/kiosk-abep.com\/pt\/wp-json\/wp\/v2\/product"}],"about":[{"href":"https:\/\/kiosk-abep.com\/pt\/wp-json\/wp\/v2\/types\/product"}],"version-history":[{"count":9,"href":"https:\/\/kiosk-abep.com\/pt\/wp-json\/wp\/v2\/product\/4665\/revisions"}],"predecessor-version":[{"id":5545,"href":"https:\/\/kiosk-abep.com\/pt\/wp-json\/wp\/v2\/product\/4665\/revisions\/5545"}],"wp:featuredmedia":[{"embeddable":true,"href":"https:\/\/kiosk-abep.com\/pt\/wp-json\/wp\/v2\/media\/4630"}],"wp:attachment":[{"href":"https:\/\/kiosk-abep.com\/pt\/wp-json\/wp\/v2\/media?parent=4665"}],"wp:term":[{"taxonomy":"product_brand","embeddable":true,"href":"https:\/\/kiosk-abep.com\/pt\/wp-json\/wp\/v2\/product_brand?post=4665"},{"taxonomy":"product_cat","embeddable":true,"href":"https:\/\/kiosk-abep.com\/pt\/wp-json\/wp\/v2\/product_cat?post=4665"},{"taxonomy":"product_tag","embeddable":true,"href":"https:\/\/kiosk-abep.com\/pt\/wp-json\/wp\/v2\/product_tag?post=4665"}],"curies":[{"name":"wp","href":"https:\/\/api.w.org\/{rel}","templated":true}]}}