{"id":4668,"date":"2025-08-05T08:41:12","date_gmt":"2025-08-05T08:41:12","guid":{"rendered":"https:\/\/kiosk-abep.com\/?post_type=product&#038;p=4668"},"modified":"2025-09-25T10:59:00","modified_gmt":"2025-09-25T10:59:00","slug":"red-bus-explorer-48h","status":"publish","type":"product","link":"https:\/\/kiosk-abep.com\/pt\/produto\/red-bus-explorer-48h\/","title":{"rendered":"Red Bus EXPLORER (48h)"},"content":{"rendered":"<div data-elementor-type=\"wp-post\" data-elementor-id=\"4668\" class=\"elementor elementor-4668\">\n\t\t\t\t\t\t<section class=\"elementor-section elementor-top-section elementor-element elementor-element-2aa125b elementor-section-stretched elementor-section-boxed elementor-section-height-default elementor-section-height-default\" data-id=\"2aa125b\" data-element_type=\"section\" data-settings=\"{&quot;stretch_section&quot;:&quot;section-stretched&quot;}\">\n\t\t\t\t\t\t<div class=\"elementor-container elementor-column-gap-no\">\n\t\t\t\t\t<div class=\"elementor-column elementor-col-100 elementor-top-column elementor-element elementor-element-f92e2c3\" data-id=\"f92e2c3\" data-element_type=\"column\">\n\t\t\t<div class=\"elementor-widget-wrap elementor-element-populated\">\n\t\t\t\t\t\t<section class=\"elementor-section elementor-inner-section elementor-element elementor-element-a01628e elementor-section-boxed elementor-section-height-default elementor-section-height-default\" data-id=\"a01628e\" data-element_type=\"section\">\n\t\t\t\t\t\t<div class=\"elementor-container elementor-column-gap-no\">\n\t\t\t\t\t<div class=\"elementor-column elementor-col-100 elementor-inner-column elementor-element elementor-element-7c79964\" data-id=\"7c79964\" data-element_type=\"column\">\n\t\t\t<div class=\"elementor-widget-wrap elementor-element-populated\">\n\t\t\t\t\t\t<div class=\"elementor-element elementor-element-728d380 elementor-widget elementor-widget-text-editor\" data-id=\"728d380\" data-element_type=\"widget\" data-widget_type=\"text-editor.default\">\n\t\t\t\t<div class=\"elementor-widget-container\">\n\t\t\t\t\t\t\t\t\t<div class=\"block activity-upsell prose\"><h3 class=\"quick-details-header -use-headline-font\">Quick Details<\/h3><div class=\"block activity-metadata prose\"><ul class=\"quick-details\"><li class=\"details taxonomy-details\"><div class=\"quick-details-content\"><span class=\"label taxonomy-label\">duration :<\/span>\u00a024h<\/div><\/li><li class=\"details qd-details\"><div class=\"quick-details-content\">Bel\u00e9m line: red line<\/div><\/li><li class=\"details qd-details\"><div class=\"quick-details-content\">Oriente Line: blue line<br \/>Uptown Line: lilac line<\/div><\/li><\/ul><\/div><\/div><div class=\"extra-content prose\"><p><span style=\"font-size: 20px;\"><strong>Essential Lisbon: The Best of the City in One Day!<\/strong><\/span><\/p><p>Discover Lisbon at your own pace with the Basic Pack! For 24 hours, travel aboard our panoramic buses and explore three of the city&#8217;s most iconic routes: the Red Line to Bel\u00e9m, the Blue Line to Oriente and the Lilac Line to Uptown.<br \/>From the history of the Discoveries to the modernism of Parque das Na\u00e7\u00f5es, passing through the capital&#8217;s most authentic neighbourhoods, this is the ideal ticket for a first approach to the city. Hop on and off whenever you want and enjoy a stroll along the Tagus, taste the famous past\u00e9is de Bel\u00e9m or discover the most vibrant side of contemporary Lisbon.<br \/>Did you know that Lisbon is called the city of seven hills? In fact, you can thank the Romans for that idea! They named seven hills, but there are many more. Come and see for yourself!<\/p><p>Highlights:<\/p><p>Jer\u00f3nimos Monastery (Red Line \u2013 Stop 11)<br \/>Padr\u00e3o dos Descobrimentos (Red Line \u2013 Stop 14)<br \/>Lisbon Oceanarium (Blue Line \u2013 Stop 10)<br \/>Tile Museum (Blue Line \u2013 Stop 9)<br \/>Zoo (Lilac Line \u2013 Stop 13)<br \/>Alto do Parque Eduardo VII (Lilac Line \u2013 Stop 17)<\/p><p><strong><span style=\"font-size: 20px;\">INFORMATION<\/span><\/strong><\/p><p><strong>Audio languages<\/strong><br \/>Portuguese, Brazilian Portuguese, Spanish, English, French, Italian, German, Chinese, Dutch, Arabic, Polish, Greek, Japanese, Russian and Korean (check the flag for this language on the bus).<br \/>There is also a special audio guide for children in Portuguese and English (only on the Bel\u00e9m Line).<\/p><h3>INFORMATIONS<\/h3><p><strong>Audio guide<\/strong><br \/>Portugu\u00eas, Portugu\u00eas (Brasil), Espanhol, Ingl\u00eas, Franc\u00eas, Italiano, Alem\u00e3o, Chin\u00eas, Holand\u00eas, \u00c1rabe, Polaco, Grego, Japon\u00eas, Russo e Coreano (verificar a bandeira deste idioma no autocarro).<br \/>Tem ainda um \u00e1udio especial para crian\u00e7as em portugu\u00eas e ingl\u00eas (apenas na Linha de Bel\u00e9m).<\/p><p><strong>Duration and Departure Point:<\/strong><br \/>Bel\u00e9m Line (Red)<br \/>\u2022 Departure Point: Pra\u00e7a Marqu\u00eas de Pombal<br \/>\u2022 Duration: 2 hours<\/p><p>Uptown Line (Lilac)<br \/>\u2022 Departure Point: Pra\u00e7a Marqu\u00eas de Pombal<br \/>\u2022 Duration: 2 hours<\/p><p>Oriente Line (Blue)<br \/>\u2022 Departure Point: Pra\u00e7a Marqu\u00eas de Pombal<br \/>\u2022 Duration: 2 hours<\/p><p><strong>Timetables:<\/strong><\/p><p>Find out more about timetables on the Cityrama Gray Line APP or check here: https:\/\/cityrama.pt\/timetables-itineraries-lisbon\/<\/p><p><strong>What&#8217;s included:<\/strong><\/p><p>This pack includes two self-guided walking tours that will take you to the most special corners of the city&#8217;s iconic areas. Would you like to explore Alfama and experience its streets and alleys? Or lose yourself among the elegant shops of Chiado and the squares of Baixa? No need for a guide, no need to rush \u2013 just grab your mobile phone and let yourself be carried away. These digital guided walking tours are available in Spanish, English, French, Italian and German.<\/p><p>And there&#8217;s more! To make your experience unforgettable, we also offer:<br \/>\u21d2 Fun audio for children on the Bel\u00e9m Line (because the little ones deserve an adventure too)<br \/>\u21d2 Bus locator app (always know where each bus is!)<br \/>\u21d2 Free Wi-Fi on board (to share your best photos in real time)<br \/>\u21d2 Discounts with local partners (your ticket is really worth it, with fantastic discounts on various experiences and products);<br \/>\u21d2 Headphones included (always available, but think about the environment \u2013 reuse and recycle them on the various routes and tours on our buses).<\/p><p><strong>Come and discover Lisbon with us<\/strong><\/p><\/div>\t\t\t\t\t\t\t\t<\/div>\n\t\t\t\t<\/div>\n\t\t\t\t\t<\/div>\n\t\t<\/div>\n\t\t\t\t\t<\/div>\n\t\t<\/section>\n\t\t\t\t\t<\/div>\n\t\t<\/div>\n\t\t\t\t\t<\/div>\n\t\t<\/section>\n\t\t\t\t<\/div>","protected":false},"excerpt":{"rendered":"<p>Discover Lisbon at your own pace with the Basic Pack! For 24 hours, travel aboard our panoramic buses and explore three of the city&#8217;s most iconic routes: the Red Line in Bel\u00e9m, the Blue Line in Oriente, and the Lilac Line Uptown.<\/p>\n<p>&nbsp;<\/p>\n<div class=\"block activity-upsell prose\">\n<h4 class=\"quick-details-header -use-headline-font\">Details<\/h4>\n<div class=\"block activity-metadata prose\">\n<div class=\"quick-details-content\">\n<div class=\"block activity-upsell prose\">\n<div class=\"block activity-metadata prose\">\n<div class=\"quick-details-content\">&#8211; Duration: 48 hours<br \/>\n&#8211; Bel\u00e9m line: red line<br \/>\n&#8211; Oriente line: blue line<br \/>\n&#8211; Uptown line: lilac line<br \/>\n&#8211; Castelo line: green line<br \/>\n&#8211; Cascais line: orange line<br \/>\n&#8211; Night tour: Lisbon by night<\/div>\n<\/div>\n<\/div>\n<div class=\"extra-content prose\">\n<h3><\/h3>\n<\/div>\n<\/div>\n<\/div>\n<\/div>\n<div class=\"extra-content prose\">\n<h3><\/h3>\n<\/div>","protected":false},"featured_media":4630,"template":"","meta":{"site-sidebar-layout":"default","site-content-layout":"default","ast-site-content-layout":"default","site-content-style":"default","site-sidebar-style":"default","ast-global-header-display":"","ast-banner-title-visibility":"","ast-main-header-display":"","ast-hfb-above-header-display":"","ast-hfb-below-header-display":"","ast-hfb-mobile-header-display":"","site-post-title":"","ast-breadcrumbs-content":"","ast-featured-img":"","footer-sml-layout":"","theme-transparent-header-meta":"default","adv-header-id-meta":"","stick-header-meta":"","header-above-stick-meta":"","header-main-stick-meta":"","header-below-stick-meta":"","astra-migrate-meta-layouts":"set","ast-page-background-enabled":"default","ast-page-background-meta":{"desktop":{"background-color":"","background-image":"","background-repeat":"repeat","background-position":"center center","background-size":"auto","background-attachment":"scroll","background-type":"","background-media":"","overlay-type":"","overlay-color":"","overlay-opacity":"","overlay-gradient":""},"tablet":{"background-color":"","background-image":"","background-repeat":"repeat","background-position":"center center","background-size":"auto","background-attachment":"scroll","background-type":"","background-media":"","overlay-type":"","overlay-color":"","overlay-opacity":"","overlay-gradient":""},"mobile":{"background-color":"","background-image":"","background-repeat":"repeat","background-position":"center center","background-size":"auto","background-attachment":"scroll","background-type":"","background-media":"","overlay-type":"","overlay-color":"","overlay-opacity":"","overlay-gradient":""}},"ast-content-background-meta":{"desktop":{"background-color":"var(--ast-global-color-5)","background-image":"","background-repeat":"repeat","background-position":"center center","background-size":"auto","background-attachment":"scroll","background-type":"","background-media":"","overlay-type":"","overlay-color":"","overlay-opacity":"","overlay-gradient":""},"tablet":{"background-color":"var(--ast-global-color-5)","background-image":"","background-repeat":"repeat","background-position":"center center","background-size":"auto","background-attachment":"scroll","background-type":"","background-media":"","overlay-type":"","overlay-color":"","overlay-opacity":"","overlay-gradient":""},"mobile":{"background-color":"var(--ast-global-color-5)","background-image":"","background-repeat":"repeat","background-position":"center center","background-size":"auto","background-attachment":"scroll","background-type":"","background-media":"","overlay-type":"","overlay-color":"","overlay-opacity":"","overlay-gradient":""}}},"product_brand":[],"product_cat":[58],"product_tag":[],"class_list":{"0":"post-4668","1":"product","2":"type-product","3":"status-publish","4":"has-post-thumbnail","6":"product_cat-red-bus","7":"desktop-align-left","8":"tablet-align-left","9":"mobile-align-left","10":"wcpa_has_options","12":"first","13":"instock","14":"featured","15":"virtual","16":"purchasable","17":"product-type-simple"},"_links":{"self":[{"href":"https:\/\/kiosk-abep.com\/pt\/wp-json\/wp\/v2\/product\/4668","targetHints":{"allow":["GET"]}}],"collection":[{"href":"https:\/\/kiosk-abep.com\/pt\/wp-json\/wp\/v2\/product"}],"about":[{"href":"https:\/\/kiosk-abep.com\/pt\/wp-json\/wp\/v2\/types\/product"}],"version-history":[{"count":6,"href":"https:\/\/kiosk-abep.com\/pt\/wp-json\/wp\/v2\/product\/4668\/revisions"}],"predecessor-version":[{"id":5549,"href":"https:\/\/kiosk-abep.com\/pt\/wp-json\/wp\/v2\/product\/4668\/revisions\/5549"}],"wp:featuredmedia":[{"embeddable":true,"href":"https:\/\/kiosk-abep.com\/pt\/wp-json\/wp\/v2\/media\/4630"}],"wp:attachment":[{"href":"https:\/\/kiosk-abep.com\/pt\/wp-json\/wp\/v2\/media?parent=4668"}],"wp:term":[{"taxonomy":"product_brand","embeddable":true,"href":"https:\/\/kiosk-abep.com\/pt\/wp-json\/wp\/v2\/product_brand?post=4668"},{"taxonomy":"product_cat","embeddable":true,"href":"https:\/\/kiosk-abep.com\/pt\/wp-json\/wp\/v2\/product_cat?post=4668"},{"taxonomy":"product_tag","embeddable":true,"href":"https:\/\/kiosk-abep.com\/pt\/wp-json\/wp\/v2\/product_tag?post=4668"}],"curies":[{"name":"wp","href":"https:\/\/api.w.org\/{rel}","templated":true}]}}