{"id":5122,"date":"2025-08-06T11:24:45","date_gmt":"2025-08-06T11:24:45","guid":{"rendered":"https:\/\/kiosk-abep.com\/?post_type=product&#038;p=5122"},"modified":"2025-08-06T11:35:14","modified_gmt":"2025-08-06T11:35:14","slug":"sintra-cabo-da-roca-cascais-tour","status":"publish","type":"product","link":"https:\/\/kiosk-abep.com\/pt\/produto\/sintra-cabo-da-roca-cascais-tour\/","title":{"rendered":"Sintra &#038; Cascais Tour"},"content":{"rendered":"<div data-elementor-type=\"wp-post\" data-elementor-id=\"5122\" class=\"elementor elementor-5122\">\n\t\t\t\t\t\t<section class=\"elementor-section elementor-top-section elementor-element elementor-element-2aa125b elementor-section-stretched elementor-section-boxed elementor-section-height-default elementor-section-height-default\" data-id=\"2aa125b\" data-element_type=\"section\" data-settings=\"{&quot;stretch_section&quot;:&quot;section-stretched&quot;}\">\n\t\t\t\t\t\t<div class=\"elementor-container elementor-column-gap-no\">\n\t\t\t\t\t<div class=\"elementor-column elementor-col-100 elementor-top-column elementor-element elementor-element-f92e2c3\" data-id=\"f92e2c3\" data-element_type=\"column\">\n\t\t\t<div class=\"elementor-widget-wrap elementor-element-populated\">\n\t\t\t\t\t\t<section class=\"elementor-section elementor-inner-section elementor-element elementor-element-a01628e elementor-section-boxed elementor-section-height-default elementor-section-height-default\" data-id=\"a01628e\" data-element_type=\"section\">\n\t\t\t\t\t\t<div class=\"elementor-container elementor-column-gap-no\">\n\t\t\t\t\t<div class=\"elementor-column elementor-col-100 elementor-inner-column elementor-element elementor-element-7c79964\" data-id=\"7c79964\" data-element_type=\"column\">\n\t\t\t<div class=\"elementor-widget-wrap elementor-element-populated\">\n\t\t\t\t\t\t<div class=\"elementor-element elementor-element-728d380 elementor-widget elementor-widget-text-editor\" data-id=\"728d380\" data-element_type=\"widget\" data-widget_type=\"text-editor.default\">\n\t\t\t\t<div class=\"elementor-widget-container\">\n\t\t\t\t\t\t\t\t\t<div class=\"block activity-upsell prose\"><h3 class=\"quick-details-header -use-headline-font\">Detalhes r\u00e1pidos<\/h3><div class=\"block activity-metadata prose\"><ul class=\"quick-details\"><li class=\"details taxonomy-details\"><div class=\"quick-details-content\"><span class=\"label taxonomy-label\">Dura\u00e7\u00e3o:<\/span>\u00a024h<\/div><\/li><li class=\"details qd-details\"><div class=\"quick-details-content\"><span class=\"label quick-details-label\">Linha de Bel\u00e9m:<\/span>\u00a0linha vermelha<\/div><\/li><li class=\"details qd-details\"><div class=\"quick-details-content\"><span class=\"label quick-details-label\">Linha do Oriente:<\/span>\u00a0linha azul<\/div><\/li><li class=\"details qd-details\"><div class=\"quick-details-content\"><span class=\"label quick-details-label\">Linha Uptown:<\/span>\u00a0linha lil\u00e1s<\/div><\/li><\/ul><\/div><\/div><div class=\"extra-content prose\"><h3>Lisboa Essencial: O Melhor da Cidade Num S\u00f3 Dia!<\/h3><p>Descubra Lisboa ao seu ritmo com o Pack Basic! Durante 24 horas, viaje a bordo dos nossos autocarros panor\u00e2micos e explore tr\u00eas das rotas mais emblem\u00e1ticas da cidade: a Linha Vermelha de Bel\u00e9m, a Linha Azul do Oriente e a Linha Lil\u00e1s Uptown.<br \/>Da hist\u00f3ria dos Descobrimentos ao modernismo do Parque das Na\u00e7\u00f5es, passando pelos bairros mais genu\u00ednos da capital, este \u00e9 o bilhete ideal para uma primeira abordagem \u00e0 cidade. Suba e des\u00e7a sempre que quiser e aproveite para passear junto ao Tejo, provar os famosos past\u00e9is de Bel\u00e9m ou conhecer o lado mais vibrante da Lisboa contempor\u00e2nea.<br \/>Sabia que Lisboa \u00e9 chamada a cidade das sete colinas? Na verdade, pode agradecer aos romanos essa ideia! Eles nomearam sete colinas, mas h\u00e1 muitas mais. Venha contar por si!<\/p><p><strong>Destaques:<\/strong><\/p><p>Mosteiro dos Jer\u00f3nimos (Linha Vermelha \u2013 Paragem 11)<br \/>Padr\u00e3o dos Descobrimentos (Linha Vermelha \u2013 Paragem 14)<br \/>Ocean\u00e1rio de Lisboa (Linha Azul \u2013 Paragem 10)<br \/>Museu do Azulejo (Linha Azul \u2013 Paragem 9)<br \/>Jardim Zool\u00f3gico (Linha Lil\u00e1s \u2013 Paragem 13)<br \/>Alto do Parque Eduardo VII (Linha Lil\u00e1s \u2013 Paragem 17)<\/p><h3>INFORMA\u00c7\u00d5ES<\/h3><p><strong>Idiomas de \u00c1udio<\/strong><br \/>Portugu\u00eas, Portugu\u00eas (Brasil), Espanhol, Ingl\u00eas, Franc\u00eas, Italiano, Alem\u00e3o, Chin\u00eas, Holand\u00eas, \u00c1rabe, Polaco, Grego, Japon\u00eas, Russo e Coreano (verificar a bandeira deste idioma no autocarro).<br \/>Tem ainda um \u00e1udio especial para crian\u00e7as em portugu\u00eas e ingl\u00eas (apenas na Linha de Bel\u00e9m).<\/p><p><strong>Dura\u00e7\u00e3o e Local de Partida:<\/strong><br \/>Linha de Bel\u00e9m (Vermelha)<br \/>\u2022 Local de Partida: Pra\u00e7a Marqu\u00eas de Pombal<br \/>\u2022 Dura\u00e7\u00e3o: 2h<\/p><p>Linha Uptown (Lil\u00e1s)<br \/>\u2022 Local de Partida: Pra\u00e7a Marqu\u00eas de Pombal<br \/>\u2022 Dura\u00e7\u00e3o: 2h<\/p><p>Linha do Oriente (Azul)<br \/>\u2022 Local de Partida: Pra\u00e7a Marqu\u00eas de Pombal<br \/>\u2022 Dura\u00e7\u00e3o: 2h<\/p><h3>Hor\u00e1rios:<\/h3><p>Saiba mais sobre os hor\u00e1rios na APP Cityrama Gray Line ou consulte aqui:\u00a0<a href=\"https:\/\/cityrama.pt\/timetables-itineraries-lisbon\/\" target=\"_blank\" rel=\"noopener\">https:\/\/cityrama.pt\/timetables-itineraries-lisbon\/<\/a><\/p><h3>O que inclui:<\/h3><p>Este pack inclui dois walking tours autoguiados que o v\u00e3o levar aos cantinhos mais especiais das zonas ic\u00f3nicas da cidade. Deseja percorrer Alfama e sentir as ruas e ruelas? Ou perder-se entre as lojas elegantes do Chiado e as pra\u00e7as da Baixa? N\u00e3o precisa de guia, n\u00e3o precisa de pressas \u2013 \u00e9 s\u00f3 pegar no telem\u00f3vel e deixar-se levar. Estes walking tours com guia digital est\u00e3o dispon\u00edveis em espanhol, ingl\u00eas, franc\u00eas, italiano e alem\u00e3o.<\/p><p>E mais! Para que a sua experi\u00eancia seja inesquec\u00edvel, oferecemos tamb\u00e9m:<br \/>\u21d2\u00a0<strong>\u00c1udio divertido para crian\u00e7as<\/strong>\u00a0na Linha de Bel\u00e9m; (porque os mais novos tamb\u00e9m merecem uma aventura)<br \/>\u21d2\u00a0<strong>App com localizador de autocarros<\/strong>\u00a0(saiba sempre onde est\u00e1 cada autocarro!);<br \/>\u21d2\u00a0<strong>Wi-Fi gratuito a bordo<\/strong>\u00a0(para partilhar as suas melhores fotos em tempo real)<br \/>\u21d2\u00a0<strong>Descontos com parceiros locais<\/strong>\u00a0(o seu bilhete vale mesmo a pena, com descontos fant\u00e1sticos em v\u00e1rias experi\u00eancias e produtos);<br \/>\u21d2\u00a0<strong>Auriculares inclu\u00eddos<\/strong>\u00a0(sempre dispon\u00edveis, mas pense no ambiente \u2013 reutilize e recicle-os nas v\u00e1rias rotas e passeios nos nossos autocarros).<\/p><p><strong>Venha descobrir Lisboa connosco!<\/strong><\/p><\/div>\t\t\t\t\t\t\t\t<\/div>\n\t\t\t\t<\/div>\n\t\t\t\t\t<\/div>\n\t\t<\/div>\n\t\t\t\t\t<\/div>\n\t\t<\/section>\n\t\t\t\t\t<\/div>\n\t\t<\/div>\n\t\t\t\t\t<\/div>\n\t\t<\/section>\n\t\t\t\t<\/div>","protected":false},"excerpt":{"rendered":"<p>Private Tour \u2013 From \u20ac79 per person<br \/>\nFor more information please contact us at <a href=\"mailto:email@kiosk-abep.com\">email@kiosk-abep.com<\/a><\/p>","protected":false},"featured_media":5126,"template":"","meta":{"site-sidebar-layout":"default","site-content-layout":"default","ast-site-content-layout":"default","site-content-style":"default","site-sidebar-style":"default","ast-global-header-display":"","ast-banner-title-visibility":"","ast-main-header-display":"","ast-hfb-above-header-display":"","ast-hfb-below-header-display":"","ast-hfb-mobile-header-display":"","site-post-title":"","ast-breadcrumbs-content":"","ast-featured-img":"","footer-sml-layout":"","theme-transparent-header-meta":"default","adv-header-id-meta":"","stick-header-meta":"","header-above-stick-meta":"","header-main-stick-meta":"","header-below-stick-meta":"","astra-migrate-meta-layouts":"set","ast-page-background-enabled":"default","ast-page-background-meta":{"desktop":{"background-color":"","background-image":"","background-repeat":"repeat","background-position":"center center","background-size":"auto","background-attachment":"scroll","background-type":"","background-media":"","overlay-type":"","overlay-color":"","overlay-opacity":"","overlay-gradient":""},"tablet":{"background-color":"","background-image":"","background-repeat":"repeat","background-position":"center center","background-size":"auto","background-attachment":"scroll","background-type":"","background-media":"","overlay-type":"","overlay-color":"","overlay-opacity":"","overlay-gradient":""},"mobile":{"background-color":"","background-image":"","background-repeat":"repeat","background-position":"center center","background-size":"auto","background-attachment":"scroll","background-type":"","background-media":"","overlay-type":"","overlay-color":"","overlay-opacity":"","overlay-gradient":""}},"ast-content-background-meta":{"desktop":{"background-color":"var(--ast-global-color-5)","background-image":"","background-repeat":"repeat","background-position":"center center","background-size":"auto","background-attachment":"scroll","background-type":"","background-media":"","overlay-type":"","overlay-color":"","overlay-opacity":"","overlay-gradient":""},"tablet":{"background-color":"var(--ast-global-color-5)","background-image":"","background-repeat":"repeat","background-position":"center center","background-size":"auto","background-attachment":"scroll","background-type":"","background-media":"","overlay-type":"","overlay-color":"","overlay-opacity":"","overlay-gradient":""},"mobile":{"background-color":"var(--ast-global-color-5)","background-image":"","background-repeat":"repeat","background-position":"center center","background-size":"auto","background-attachment":"scroll","background-type":"","background-media":"","overlay-type":"","overlay-color":"","overlay-opacity":"","overlay-gradient":""}}},"product_brand":[],"product_cat":[65],"product_tag":[],"class_list":{"0":"post-5122","1":"product","2":"type-product","3":"status-publish","4":"has-post-thumbnail","6":"product_cat-private-tours","7":"desktop-align-left","8":"tablet-align-left","9":"mobile-align-left","11":"first","12":"outofstock","13":"featured","14":"virtual","15":"purchasable","16":"product-type-simple"},"_links":{"self":[{"href":"https:\/\/kiosk-abep.com\/pt\/wp-json\/wp\/v2\/product\/5122","targetHints":{"allow":["GET"]}}],"collection":[{"href":"https:\/\/kiosk-abep.com\/pt\/wp-json\/wp\/v2\/product"}],"about":[{"href":"https:\/\/kiosk-abep.com\/pt\/wp-json\/wp\/v2\/types\/product"}],"version-history":[{"count":7,"href":"https:\/\/kiosk-abep.com\/pt\/wp-json\/wp\/v2\/product\/5122\/revisions"}],"predecessor-version":[{"id":5135,"href":"https:\/\/kiosk-abep.com\/pt\/wp-json\/wp\/v2\/product\/5122\/revisions\/5135"}],"wp:featuredmedia":[{"embeddable":true,"href":"https:\/\/kiosk-abep.com\/pt\/wp-json\/wp\/v2\/media\/5126"}],"wp:attachment":[{"href":"https:\/\/kiosk-abep.com\/pt\/wp-json\/wp\/v2\/media?parent=5122"}],"wp:term":[{"taxonomy":"product_brand","embeddable":true,"href":"https:\/\/kiosk-abep.com\/pt\/wp-json\/wp\/v2\/product_brand?post=5122"},{"taxonomy":"product_cat","embeddable":true,"href":"https:\/\/kiosk-abep.com\/pt\/wp-json\/wp\/v2\/product_cat?post=5122"},{"taxonomy":"product_tag","embeddable":true,"href":"https:\/\/kiosk-abep.com\/pt\/wp-json\/wp\/v2\/product_tag?post=5122"}],"curies":[{"name":"wp","href":"https:\/\/api.w.org\/{rel}","templated":true}]}}